{"id":1047,"date":"2017-01-04T09:48:46","date_gmt":"2017-01-04T08:48:46","guid":{"rendered":"https:\/\/fizyka.slowacki.edu.pl\/?page_id=1047"},"modified":"2025-01-02T19:06:23","modified_gmt":"2025-01-02T18:06:23","slug":"wewnatrzszkolny-system-oceniania","status":"publish","type":"page","link":"https:\/\/fizyka.slowacki.edu.pl\/?page_id=1047","title":{"rendered":"WEWN\u0104TRZSZKOLNY SYSTEM OCENIANIA"},"content":{"rendered":"<hr \/>\n<p style=\"text-align: center; color: #517fb3; font-size: x-large;\"><b>WEWN\u0104TRZSZKOLNY SYSTEM OCENIANIA<\/b><\/p>\n<p><center><br \/>\n<a href=\"https:\/\/slowacki.edu.pl\/wp-content\/uploads\/2024\/10\/Statut-U-I-LO-2024-3.10.2024.pdf\" target=\"1\">WEWN\u0104TRZSZKOLNY SYSTEM OCENIANIA<\/a><br \/>\n<\/center><\/p>\n<p><!--\n\n\n<ol style=\"text-align: justify; list-style-type: decimal;\">\n\n\n<li>Ocena roczna jest wystawiana na podstawie rocznej \u015bredniej ocen liczonej przez dziennik elektroniczny.<\/li>\n\n\n\n\n<li>Ocenami na \u015bwiadectwie uko\u0144czenia szko\u0142y s\u0105 oceny uzyskane na zako\u0144czenie cyklu edukacyjnego z danego przedmiotu.<\/li>\n\n\n\n\n<li>Oceny semestralne\/roczne i ko\u0144cowe na koniec klasy III (gimnazjum i liceum) s\u0105 wyra\u017cane s\u0142ownie wed\u0142ug poni\u017cszej tabeli:<\/li>\n\n<br \/>&nbsp;<br \/>\n\n\n\n<table border=\"1\">\n\n\n<tbody>\n\n\n<tr style=\"text-align: center; background-color: #c0c0c0;\">\n\n\n<td style=\"text-align: center;\"><b>OCENA<\/b><\/td>\n\n\n\n\n<td style=\"text-align: center;\"><b>\u015aREDNIA OCEN<\/b><\/td>\n\n\n\n\n<td style=\"text-align: center;\"><b>WYMAGANIA DODATKOWE<\/b><\/td>\n\n\n<\/tr>\n\n\n\n\n<tr  style=\"text-align: center;\">\n\n\n<td style=\"text-align: center;\">celuj\u0105cy<\/sup><\/td>\n\n\n\n\n<td style=\"text-align: center;\">powy\u017cej 4,50<\/td>\n\n\n\n\n<td style=\"text-align: center;\">indywidualny sukces<\/td>\n\n\n<\/tr>\n\n\n\n\n<tr  style=\"style=\"text-align: center; background-color: #ffefd5;\">\n\n\n<td style=\"text-align: center;\">bardzo dobry<\/sup><\/td>\n\n\n\n\n<td style=\"text-align: center;\">co najmniej 4,50<\/td>\n\n\n\n\n<td style=\"text-align: center;\"><\/td>\n\n\n<\/tr>\n\n\n\n\n<tr  style=\"text-align: center;\">\n\n\n<td style=\"text-align: center;\">dobry<\/sup><\/td>\n\n\n\n\n<td style=\"text-align: center;\">co najmniej 3,50<\/td>\n\n\n\n\n<td style=\"text-align: center;\"><\/td>\n\n\n<\/tr>\n\n\n\n\n<tr  style=\"text-align: center;\">\n\n\n<td style=\"text-align: center;\">dostateczny<\/sup><\/td>\n\n\n\n\n<td style=\"text-align: center;\">co najmniej 2,50<\/td>\n\n\n\n\n<td style=\"text-align: center;\"><\/td>\n\n\n<\/tr>\n\n\n\n\n<tr  style=\"text-align: center;\">\n\n\n<td style=\"text-align: center;\">dopuszczaj\u0105cy<\/sup><\/td>\n\n\n\n\n<td style=\"text-align: center;\">co najmniej 1,75<\/td>\n\n\n\n\n<td style=\"text-align: center;\"><\/td>\n\n\n<\/tr>\n\n\n\n\n<tr  style=\"text-align: center;\">\n\n\n<td style=\"text-align: center;\">niedostateczny<\/sup><\/td>\n\n\n\n\n<td style=\"text-align: center;\">poni\u017cej 1,75<\/td>\n\n\n\n\n<td style=\"text-align: center;\"><\/td>\n\n\n<\/tr>\n\n\n<\/tbody>\n\n\n<\/table>\n\n\n<br \/>&nbsp;<br \/>\n\n\n<p style=\"text-align: justify;\">W przypadku przedmiot\u00f3w realizowanych zar\u00f3wno na poziomie podstawowym i rozszerzonym uzyskanie przez ucznia oceny niedostatecznej z jednego z poziom\u00f3w jest \u00f3wnoznaczne z uzyskaniem oceny niedostatecznej z danego przedmiotu.<\/p>\n\n\n<br \/>&nbsp;<br \/>\n\n\n<li>Ocen\u0119 semestraln\u0105 ustala si\u0119 na podstawie wynik\u00f3w uzyskanych przez ucznia w trakcie semestru tzn. ocen za np.:<br \/>\n\n\n<ol style=\"text-align: justify; list-style-type: decimal;\">\n\n\n<li>prace klasowe lub testy<\/li>\n\n\n\n\n<li>kartk\u00f3wki<\/li>\n\n\n\n\n<li>odpowiedzi ustne<\/li>\n\n\n\n\n<li>prac\u0119 na lekcji<\/li>\n\n\n\n\n<li>zestawy utrwalaj\u0105ce<\/li>\n\n\n\n\n<li>zadania domowe<\/li>\n\n\n\n\n<li>aktywno\u015b\u0107<\/li>\n\n\n\n\n<li>jako\u015b\u0107 notatek (zeszyt)<\/li>\n\n\n\n\n<li>sukcesy w konkursach przedmiotowych lub olimpiadach przedmiotowych, sukcesy sportowe i artystyczne<\/li>\n\n<\/ol>\n\n\n<\/li>\n\n\n\n\n<li>Przyjmuje si\u0119 nast\u0119puj\u0105ce kryteria wystawiania poszczeg\u00f3lnych ocen cz\u0105stkowych \u015br\u00f3drocznych, semestralnych i ko\u0144coworocznych z zaj\u0119\u0107 edukacyjnych:<br \/>\n\n\n<ol style=\"text-align: justify; list-style-type: decimal;\">\n\n\n<li>ocen\u0119 <b>celuj\u0105c\u0105<\/b> mo\u017ce ubiega\u0107 si\u0119 ucze\u0144, kt\u00f3ry:\n\n\n<ol style=\"text-align: justify; list-style-type: lower-alpha;\">\n\n\n<li>uzyska\u0142 \u015bredni\u0105 ocen powy\u017cej 4.50 i otrzyma\u0142 ocen\u0119 bardzo dobr\u0105,<\/li>\n\n\n\n\n<li>zosta\u0142 laureatem lub finalist\u0105 olimpiady przedmiotowej lub wojew\u00f3dzkiego konkursu przedmiotowego (organizowanych przez \u015al\u0105skiego Kuratora O\u015bwiaty dla gimnazj\u00f3w) lub osi\u0105gn\u0105\u0142 sukces sportowy lub artystyczny (w skali co najmniej wojew\u00f3dzkiej), osi\u0105gn\u0105\u0142 inny wybitny sukces wykraczaj\u0105cy poza program nauczania np.: uzyskanie certyfikat\u00f3w wy\u017cszego stopnia znajomo\u015bci j\u0119zyk\u00f3w obcych (przy uwzgl\u0119dnieniu jednostki wystawiaj\u0105cej taki certyfikat oraz zawartej w niej oceny) itp. W przypadku laureat\u00f3w lub finalist\u00f3w wyr\u00f3\u017cnionych w innych konkursach przedmiotowych (ni\u017c wy\u017cej wymienione), kt\u00f3rych zakres wykracza poza podstaw\u0119 przedmiotow\u0105 o przyznaniu oceny celuj\u0105cej decyduje nauczyciel (po konsultacji z zespo\u0142em przedmiotowym danego przedmiotu),<\/li>\n\n\n\n\n<li>w sytuacjach szczeg\u00f3lnych (nie wymienionych w pkt. a i b) nauczyciel mo\u017ce (po konsultacji z zespo\u0142em przedmiotowym) zdecydowa\u0107 o wystawieniu oceny celuj\u0105cej,<\/li>\n\n\n\n\n<li>Ocena ta nie powinna pojawia\u0107 si\u0119 zatem jako ocena cz\u0105stkowa (powinna zast\u0105pi\u0107 j\u0105 ocena 5+). Ocena ta powinna by\u0107 ocen\u0105 podsumowuj\u0105c\u0105 - pojawia\u0107 si\u0119 jako ocena \u015br\u00f3droczna lub roczna,<\/li>\n\n\n\n\n<li>w przypadku, gdy ucze\u0144 uzyska\u0142 sukces indywidualny (wymieniony w pkt a i b), ale jego \u015brednia ko\u0144cowa zawiera si\u0119 w przedziale (1.75- 4.50) to wtedy ocena ko\u0144cowa ucznia podnoszona jest o jeden stopie\u0144.<\/li>\n\n\n<\/ol>\n\n\n<\/li>\n\n\n\n\n<li>ocena <b>bardzo dobry<\/b>: warunkiem koniecznym uzyskania tej oceny jest wykazanie si\u0119 przez ucznia wiedz\u0105 i umiej\u0119tno\u015bciami w pe\u0142ni spe\u0142niaj\u0105cymi wymagania obowi\u0105zuj\u0105cego programu nauczania. Warunkiem uzyskania tej oceny jest tw\u00f3rcze rozwijanie wiedzy i umiej\u0119tno\u015bci poznanych na zaj\u0119ciach (samodzielna interpretacja zagadnie\u0144 rozwa\u017canych na lekcji oraz lektury nadobowi\u0105zkowej, rozwi\u0105zywanie problem\u00f3w poszerzaj\u0105cych obowi\u0105zuj\u0105cy program nauczania, samodzielne rozwijanie umiej\u0119tno\u015bci i zdolno\u015bci j\u0119zykowych, praktycznych, artystycznych lub sportowych), oraz uzyska\u0142 \u015bredni\u0105 co najmniej 4,50.<\/li>\n\n\n\n\n<li>ocena <b>dobry<\/b>: warunkiem koniecznym uzyskania tej oceny jest wykazanie si\u0119 przez ucznia wiedz\u0105 i umiej\u0119tno\u015bciami spe\u0142niaj\u0105cymi zasadnicze wymagania obowi\u0105zuj\u0105cego programu nauczania, w tym umiej\u0119tno\u015b\u0107 interpretacji zagadnie\u0144 wprowadzonych na lekcji oraz obowi\u0105zkowej lektury jak r\u00f3wnie\u017c znajomo\u015b\u0107 zasad pozwalaj\u0105cych rozwi\u0105zywa\u0107 stawiane przez program nauczania problemy oraz uzyska\u0142 \u015bredni\u0105 co najmniej 3,50.<\/li>\n\n\n\n\n<li>ocena <b>dostateczny<\/b>: warunkiem koniecznym uzyskania tej oceny jest wykazanie si\u0119 przez ucznia wiedz\u0105 i umiej\u0119tno\u015bciami spe\u0142niaj\u0105cymi podstawowe wymagania obowi\u0105zuj\u0105cego programu nauczania, w tym znajomo\u015b\u0107 zagadnie\u0144 wprowadzonych na lekcji oraz obowi\u0105zkowej lektury, a tak\u017ce podstawowych zasad pozwalaj\u0105cych rozwi\u0105zywa\u0107 stawiane przez program nauczania problemy oraz uzyska\u0142 \u015bredni\u0105 co najmniej 2,50.<\/li>\n\n\n\n\n<li>ocena <b>dopuszczaj\u0105cy<\/b>: warunkiem koniecznym uzyskania tej oceny jest wykazanie si\u0119 przez ucznia wiedz\u0105 i umiej\u0119tno\u015bciami spe\u0142niaj\u0105cymi minimum wymaga\u0144 obowi\u0105zuj\u0105cego programu nauczania, pozwalaj\u0105cym zrozumienie problem\u00f3w poruszanych na lekcji jak r\u00f3wnie\u017c zawartych w obowi\u0105zkowej lekturze, a tak\u017ce podstawowych zasad koniecznych przy rozwi\u0105zywaniu stawianych przez podstaw\u0119 programow\u0105 problem\u00f3w oraz uzyska\u0142 \u015bredni\u0105 co najmniej 1,75.<\/li>\n\n\n\n\n<li>ocena <b>niedostateczny<\/b>:  ocen\u0119 t\u0119 wystawia si\u0119, gdy nie zosta\u0142y spe\u0142nione kryteria wystawienia oceny co najmniej dopuszczaj\u0105cy.<\/li>\n\n\n<\/ol>\n\n\n<\/li>\n\n\n\n\n<li>Ucze\u0144, kt\u00f3ry otrzyma\u0142 semestraln\u0105 ocen\u0119 niedostateczn\u0105 na I semestr, aby otrzyma\u0107 pozytywn\u0105 ocen\u0119 roczn\u0105, powinien zaliczy\u0107 materia\u0142 zrealizowany w I semestrze wed\u0142ug harmonogramu ustalonego przez nauczyciela, jednak w nie p\u00f3\u017aniejszym terminie ni\u017c przedostatniego dnia przed wystawieniem proponowanych ocen rocznych. Je\u015bli ucze\u0144 zaliczy\u0142 materia\u0142 zrealizowany w I semestrze, to do oblicze\u0144 rocznej oceny uwzgl\u0119dniana jest \u015brednia za I semestr wynosz\u0105ca 1.75<\/li>\n\n\n\n\n<li>Ucze\u0144, kt\u00f3ry uzyska\u0142 roczn\u0105 ocen\u0119 niedostateczn\u0105 mo\u017ce przyst\u0105pi\u0107 do egzaminu poprawkowego w sierpniu, pod warunkiem, \u017ce otrzyma\u0142 co najwy\u017cej dwie roczne oceny niedostateczne.<\/li>\n\n\n\n\n<li>Dyrektor Zespo\u0142u podejmuje decyzj\u0119 o zwolnieniu ucznia z zaj\u0119\u0107 z wychowania fizycznego, technologii informacyjnej lub informatyki na podstawie orzeczenia lekarza. W rubryce \u201eocena semestralna (roczna)\" wpisuje si\u0119 <b>zwolniony<\/b>.\n\n\n<ol style=\"text-align: justify; list-style-type: decimal;\">\n\n\n<li>W przypadku ucznia ucz\u0119szczaj\u0105cego na zaj\u0119cia z etyki oraz religii, do \u015bredniej rocznych i ko\u0144cowych ocen klasyfikacyjnych ucznia wlicza si\u0119 ocen\u0119 ustalona jako \u015bredni\u0105 ocen z odpowiednio rocznych lub ko\u0144cowych ocen klasyfikacyjnych uzyskanych z tych zaj\u0119\u0107.<\/li>\n\n\n<\/ol>\n\n\n<\/li>\n\n\n\n\n<li>Oceny cz\u0105stkowe zdefiniowane przez kategorie ocen w dzienniku elektronicznym maj\u0105 wsp\u00f3\u0142czynnik r\u00f3wny 1 z wyj\u0105tkiem:\n\n\n<ol style=\"text-align: justify; list-style-type: decimal;\">\n\n\n<li>sprawdzianu - wsp\u00f3\u0142czynnik r\u00f3wny 2<\/li>\n\n\n\n\n<li>sprawdzianu semestralnego\/rocznego - wsp\u00f3\u0142czynnik r\u00f3wny 3<\/li>\n\n\n\n\n<li>projektu naukowego - wsp\u00f3\u0142czynnik r\u00f3wny 4<\/li>\n\n\n\n\n<li>oraz z zaj\u0119\u0107 wychowania fizycznego:\n\n\n<ol style=\"text-align: justify; list-style-type: lower-alpha;\">\n\n\n<li>rozgrzewka - wsp\u00f3\u0142czynnik r\u00f3wny 2,<\/li>\n\n\n\n\n<li>aktywno\u015b\u0107- wsp\u00f3\u0142czynnik r\u00f3wny 4,<\/li>\n\n\n\n\n<li>sprawdzian - wsp\u00f3\u0142czynnik r\u00f3wny 2.<\/li>\n\n\n<\/ol>\n\n\n<\/li>\n\n\n<\/ol>\n\n\n<\/li>\n\n\n\n\n<li>Dopuszcza si\u0119 nast\u0119puj\u0105ce formy wpisu ocen z post\u0119p\u00f3w w nauce do dziennik\u00f3w lekcyjnych:<br \/>\n\n\n<ol style=\"text-align: justify; list-style-type: decimal;\">\n\n\n<li>bardzo dobry - 5 lub \u201ebdb\",<\/li>\n\n\n\n\n<li>dobry - 4 lub \u201edb\",<\/li>\n\n\n\n\n<li>dostateczny - 3 lub \u201edst\",<\/li>\n\n\n\n\n<li>dopuszczaj\u0105cy - 2 lub \u201edop\",<\/li>\n\n\n\n\n<li>niedostateczny - 1 lub \u201end\".<\/li>\n\n\n<\/ol>\n\n\n<\/li>\n\n\n\n\n<li>Skal\u0119 ocen cz\u0105stkowych mo\u017cna rozszerzy\u0107 o znak \u201e+\", z zastrze\u017ceniem, \u017ce nie nale\u017cy stosowa\u0107 oceny +1 (\u201e+nd\"). W przypadku sprawdzian\u00f3w, klas\u00f3wek i kartk\u00f3wek niewskazane jest stosowanie \u201e-\" (minus\u00f3w).<\/li>\n\n\n\n\n<li>Sprawdziany, prace klasowe s\u0105 zapowiadane co najmniej tydzie\u0144 przed terminem i powinny by\u0107 poprawione w terminie do 3 tygodni po przeprowadzonym sprawdzianie, jednak nie p\u00f3\u017aniej ni\u017c na tydzie\u0144 przed klasyfikacj\u0105. Nie dotyczy to sprawdzian\u00f3w prze\u0142o\u017conych.<\/li>\n\n\n\n\n<li>W ci\u0105gu dnia nauki mo\u017ce odby\u0107 si\u0119 tylko jeden sprawdzian tego typu, a w ci\u0105gu tygodnia nie wi\u0119cej ni\u017c trzy z zakresu podstawy programowej. Ograniczenia te nie dotycz\u0105 sprawdzian\u00f3w prze\u0142o\u017conych oraz sprawdzian\u00f3w na zaj\u0119ciach rozszerzonych.<\/li>\n\n\n\n\n<li>Na sprawdzianach stosowane b\u0119d\u0105 nast\u0119puj\u0105ce kryteria polegaj\u0105ce na prze\u0142o\u017ceniu wynik\u00f3w procentowych na oceny cz\u0105stkowe:<br \/>&nbsp;<br \/>\n\n\n<table border=\"1\" style=\"font-size: large;\">\n\n\n<tbody >\n\n\n<tr style=\"text-align: center; background-color: #c0c0c0;\">\n\n\n<td style=\"text-align: center;\"><b>WARTO\u015a\u0106 PROCENTOWA<\/b><\/td>\n\n\n\n\n<td style=\"text-align: center;\"><b>OCENA<\/b><\/td>\n\n\n\n<\/tr>\n\n\n\n\n<tr  style=\"text-align: center;\">\n\n\n<td style=\"text-align: center;\">86%&#8804; - 100%<\/sup><\/td>\n\n\n\n\n<td style=\"text-align: center;\">bardzo dobry<\/td>\n\n\n<\/tr>\n\n\n\n\n<tr  style=\"style=\"text-align: center; background-color: #ffefd5;\">\n\n\n<td style=\"text-align: center;\">81%&#8804; - 86%<\/sup><\/td>\n\n\n\n\n<td style=\"text-align: center;\">dobry+<\/td>\n\n\n<\/tr>\n\n\n\n\n<tr  style=\"text-align: center;\">\n\n\n<td style=\"text-align: center;\">71%&#8804; - 81%<\/sup><\/td>\n\n\n\n\n<td style=\"text-align: center;\">dobry<\/td>\n\n\n<\/tr>\n\n\n\n\n<tr  style=\"text-align: center;\">\n\n\n<td style=\"text-align: center;\">66%&#8804; - 71%<\/sup><\/td>\n\n\n\n\n<td style=\"text-align: center;\">dostateczny+<\/td>\n\n\n<\/tr>\n\n\n\n\n<tr  style=\"text-align: center;\">\n\n\n<td style=\"text-align: center;\">56%&#8804; - 66%<\/sup><\/td>\n\n\n\n\n<td style=\"text-align: center;\">dostateczny<\/td>\n\n\n<\/tr>\n\n\n\n\n<tr  style=\"text-align: center;\">\n\n\n<td style=\"text-align: center;\">51%&#8804; - 56%<\/sup><\/td>\n\n\n\n\n<td style=\"text-align: center;\">dopuszczaj\u0105cy+<\/td>\n\n\n<\/tr>\n\n\n\n\n<tr  style=\"text-align: center;\">\n\n\n<td style=\"text-align: center;\">40%&#8804; - 51%<\/sup><\/td>\n\n\n\n\n<td style=\"text-align: center;\">dopuszczaj\u0105cy<\/td>\n\n\n<\/tr>\n\n\n\n\n<tr  style=\"text-align: center;\">\n\n\n<td style=\"text-align: center;\">poni\u017cej 40%<\/sup><\/td>\n\n\n\n\n<td style=\"text-align: center;\">niedostateczny<\/td>\n\n\n<\/tr>\n\n\n\n<\/tbody>\n\n\n<\/table>\n\n\n<br \/>&nbsp;<br \/>\n\n\n<p style=\"text-align: justify;\">Ucze\u0144, kt\u00f3ry uzyska\u0142 ocen\u0119 \u201ebardzo dobr\u0105\" z pracy klasowej i rozwi\u0105za\u0142 bezb\u0142\u0119dnie zadanie dodatkowe (oznaczone * lub innym symbolem) mo\u017ce otrzyma\u0107 ocen\u0119 \u201ebdb +\"<\/p>\n\n\n<br \/>&nbsp;<br \/>\n\n<\/li>\n\n\n\n\n<li>Ucze\u0144 ma prawo jednokrotnie poprawi\u0107 dan\u0105 ocen\u0119 z pracy pisemnej - z wy\u0142\u0105czeniem kartk\u00f3wek - po uzgodnieniu z nauczycielem. O terminie i formie poprawy decyduje nauczyciel. Uzyskan\u0105 ocen\u0119 z poprawy pracy pisemnej nauczyciel wpisuje obok oceny uzyskanej poprzednio (zgodnie z procedur\u0105 \u201epopraw\" stosowan\u0105 w dzienniku elektronicznym.<\/li>\n\n\n\n\n<li>Nieusprawiedliwiona nieobecno\u015b\u0107 na zapowiedzianym wcze\u015bniej sprawdzianie\/pracy klasowej\/klas\u00f3wce r\u00f3wnoznaczna jest z otrzymaniem oceny niedostatecznej. Ucze\u0144 mo\u017ce poprawi\u0107 otrzyman\u0105 ocen\u0119 niedostateczn\u0105 w terminie maksymalnie do 2 tygodni (termin i form\u0119 poprawy ustala nauczyciel). Uzyskan\u0105 ocen\u0119 z poprawy sprawdzianu nauczyciel wpisuje obok oceny niedostatecznej (zgodnie z procedur\u0105 \u201epopraw\" stosowan\u0105 w dzienniku elektronicznym.<\/li>\n\n\n\n\n<li>W przypadku nieobecno\u015bci usprawiedliwionej ucze\u0144 powinien uzupe\u0142ni\u0107 powsta\u0142e zaleg\u0142o\u015bci i zaliczy\u0107 sprawdzian\/prace klasowa\/klas\u00f3wk\u0119 w terminie do 14 dni zaj\u0119\u0107 dydaktycznych po powrocie do szko\u0142y (termin i form\u0119 ustala nauczyciel). Nauczyciel wpisuje w tym przypadku \u201e-\u201e zgodnie dziennikiem elektronicznym) a nast\u0119pnie w to miejsce uzyskan\u0105 ocen\u0119 ze sprawdzianu napisanego w p\u00f3\u017aniejszym terminie zgodnie z procedur\u0105 przewidzian\u0105 w dzienniku elektronicznym. W przypadku, gdy ucze\u0144 nie zaliczy sprawdzianu\/pracy klasowej\/klas\u00f3wki w odpowiednim terminie uzyskuje ocen\u0119 niedostateczn\u0105 z mo\u017cliwo\u015bci\u0105 poprawy.<\/li>\n\n\n\n\n<li>Ucze\u0144 korzystaj\u0105cy z niedozwolonych pomocy na sprawdzianie\/pracy klasowej\/klas\u00f3wce otrzymuje ocen\u0119 niedostateczn\u0105 (bez mo\u017cliwo\u015bci poprawy) oraz ocen\u0119 nieodpowiedni\u0105 z zachowania.<\/li>\n\n\n\n\n<li>Wypowiedzi ustne s\u0105 oceniane zgodnie ze specyfik\u0105 danego przedmiotu pod wzgl\u0119dem rzeczowo\u015bci, stosowania j\u0119zyka przedmiotu, umiej\u0119tno\u015bci formu\u0142owania d\u0142u\u017cszych wypowiedzi, stopnia wyczerpania tematu jak r\u00f3wnie\u017c umiej\u0119tno\u015bci\u0105 pos\u0142ugiwania si\u0119 pomocami dydaktycznymi. Ocenie podlega r\u00f3wnie\u017c poprawno\u015b\u0107 j\u0119zykowa. Nauczyciel ma prawo zadawania dodatkowych pyta\u0144.<\/li>\n\n\n\n\n<li>Ucze\u0144 ma obowi\u0105zek odrabia\u0107 na bie\u017c\u0105co zadania domowe. Zadanie domowe mo\u017ce by\u0107 ocenione. Nieodrobieni zadania domowego nale\u017cy zg\u0142osi\u0107 nauczycielowi przed lekcj\u0105, przedstawi\u0107 nauczycielowi na nast\u0119pnej lekcji.<\/li>\n\n\n\n\n<li>Ucze\u0144 zobowi\u0105zany jest prowadzi\u0107 notatki w zeszycie. Notatki (prowadzenie zeszytu) mog\u0105 by\u0107 ocenione.<\/li>\n\n\n\n\n<li>Obowi\u0105zuj\u0105c\u0105 form\u0105 informacji o przewidywanych ocenach jest wpisanie przewidywanej oceny w rubryce \u201eocena \u015br\u00f3droczna (roczna)\" na dwa tygodnie przed terminem klasyfikacji. Przyjmuje si\u0119 zasad\u0119, \u017ce \u015br\u00f3droczna (roczna) ocena nie powinna by\u0107 ni\u017csza od proponowanej oceny o wi\u0119cej ni\u017c o jeden stopie\u0144.<\/li>\n\n\n\n\n<li>Zachowanie ucznia wyra\u017ca si\u0119 ocenami: <b>wzorowe<\/b>, <b>bardzo dobre<\/b>, <b>dobre<\/b>, <b>poprawne<\/b>, <b>nieodpowiednie<\/b> i <b>naganne<\/b>. Szczeg\u00f3\u0142owe zasady ich wystawiania okre\u015blaj\u0105 kryteria oceniania zachowania zawarte w \u00a791.<\/li>\n\n\n\n\n<li>W sytuacji, gdy z powodu usprawiedliwionej absencji ucznia na zaj\u0119ciach z danego przedmiotu, przekraczaj\u0105cej 50% wszystkich godzin zaj\u0119\u0107 edukacyjnych, nauczyciel nie jest w stanie sklasyfikowa\u0107 ucznia, ucze\u0144 ma prawo do egzaminu klasyfikacyjnego, kt\u00f3ry przeprowadzony jest w formie i trybie zgodnym z odr\u0119bnymi przepisami.<\/li>\n\n\n\n\n<li>Od ocen semestralnych i rocznych z post\u0119p\u00f3w w nauce i zachowania przys\u0142uguje prawo odwo\u0142ania na zasadach okre\u015blonych odr\u0119bnymi przepisami.<\/li>\n\n\n\n\n<li>Ucze\u0144 ma prawo do jednokrotnego powtarzania klasy w przypadku, gdy nie uzyska\u0142 promocji w trakcie nauki w Zespole.<\/li>\n\n\n\n\n<li>Po zako\u0144czeniu nauki w roku szkolnym ucze\u0144 otrzymuje \u015bwiadectwo promocyjne, kt\u00f3re odbiera osobi\u015bcie w terminie i miejscu wskazanym przez Dyrektora Zespo\u0142u.<\/li>\n\n\n\n\n<li>W uzasadnionych przypadkach dokument, o kt\u00f3rym mowa w ust. 27 mo\u017ce odebra\u0107 prawny opiekun ucznia. W przypadku ucznia pe\u0142noletniego mo\u017ce to nast\u0105pi\u0107 po okazaniu pe\u0142nomocnictwa z\u0142o\u017conego w obecno\u015bci notariusza lub pracownika sekretariatu Zespo\u0142u.<\/li>\n\n\n\n\n<li>Po zako\u0144czeniu nauki w roku programowo najwy\u017cszym absolwent otrzymuje \u015bwiadectwo uko\u0144czenia Liceum lub Gimnazjum, po zdaniu egzaminu maturalnego - \u015bwiadectwo dojrza\u0142o\u015bci, a po egzaminie gimnazjalnym - za\u015bwiadczenie o wyniku egzaminu gimnazjalnego.<\/li>\n\n\n\n\n<li>Dokumenty wymienione w ust. 29 nale\u017cy odebra\u0107 osobi\u015bcie w miejscu i terminie wskazanym przez Dyrektora Zespo\u0142u.<\/li>\n\n\n\n\n<li>W uzasadnionych przypadkach dokumenty, o kt\u00f3rych mowa w ust. 30 mo\u017ce odebra\u0107 inna osoba, po okazaniu notarialnego pe\u0142nomocnictwa lub pe\u0142nomocnictwa z\u0142o\u017conego w obecno\u015bci pracownika sekretariatu Zespo\u0142u.<\/li>\n\n\n<\/ol>\n\n\n--><\/p>\n<hr \/>\n","protected":false},"excerpt":{"rendered":"<p>WEWN\u0104TRZSZKOLNY SYSTEM OCENIANIA WEWN\u0104TRZSZKOLNY SYSTEM OCENIANIA<\/p>\n","protected":false},"author":1,"featured_media":0,"parent":0,"menu_order":0,"comment_status":"closed","ping_status":"closed","template":"","meta":{"footnotes":""},"class_list":["post-1047","page","type-page","status-publish","hentry"],"_links":{"self":[{"href":"https:\/\/fizyka.slowacki.edu.pl\/index.php?rest_route=\/wp\/v2\/pages\/1047","targetHints":{"allow":["GET"]}}],"collection":[{"href":"https:\/\/fizyka.slowacki.edu.pl\/index.php?rest_route=\/wp\/v2\/pages"}],"about":[{"href":"https:\/\/fizyka.slowacki.edu.pl\/index.php?rest_route=\/wp\/v2\/types\/page"}],"author":[{"embeddable":true,"href":"https:\/\/fizyka.slowacki.edu.pl\/index.php?rest_route=\/wp\/v2\/users\/1"}],"replies":[{"embeddable":true,"href":"https:\/\/fizyka.slowacki.edu.pl\/index.php?rest_route=%2Fwp%2Fv2%2Fcomments&post=1047"}],"version-history":[{"count":29,"href":"https:\/\/fizyka.slowacki.edu.pl\/index.php?rest_route=\/wp\/v2\/pages\/1047\/revisions"}],"predecessor-version":[{"id":1510,"href":"https:\/\/fizyka.slowacki.edu.pl\/index.php?rest_route=\/wp\/v2\/pages\/1047\/revisions\/1510"}],"wp:attachment":[{"href":"https:\/\/fizyka.slowacki.edu.pl\/index.php?rest_route=%2Fwp%2Fv2%2Fmedia&parent=1047"}],"curies":[{"name":"wp","href":"https:\/\/api.w.org\/{rel}","templated":true}]}}